{"id":9133,"date":"2022-02-10T09:15:13","date_gmt":"2022-02-10T08:15:13","guid":{"rendered":"https:\/\/ellipse.cz\/?page_id=9133"},"modified":"2022-02-24T12:33:42","modified_gmt":"2022-02-24T11:33:42","slug":"cookies-a-gdpr","status":"publish","type":"page","link":"https:\/\/ellipse.cz\/en\/cookies-a-gdpr\/","title":{"rendered":"Cookies a GDPR"},"content":{"rendered":"\n<div class=\"wp-block-columns container is-layout-flex wp-container-core-columns-is-layout-9d6595d7 wp-block-columns-is-layout-flex\">\n<div class=\"wp-block-column is-layout-flow wp-block-column-is-layout-flow\">\n<h1 class=\"h2 page-title__wrapper wp-block-heading\" id=\"cookies-a-gdpr-na-nasem-webu-ellipse-cz-s-r-o\" style=\"font-size:66px\">Cookies a GDPR na na\u0161em webu ELLIPSE CZ s.r.o.<\/h1>\n\n\n\n<p>Zde se dozv\u00edte, jak\u00e9 soubory cookies na webov\u00fdch str\u00e1nk\u00e1ch spole\u010dnosti ELLIPSE CZ s.r.o. obecn\u011b zpracov\u00e1v\u00e1me, k jak\u00e9mu \u00fa\u010delu a jak m\u016f\u017eete ovlivnit to, jak\u00e1 cookies ukl\u00e1d\u00e1me do va\u0161ich za\u0159\u00edzen\u00ed.&nbsp;<\/p>\n\n\n\n<h2 class=\"h3 has-x-large-font-size wp-block-heading\" id=\"zakladni-ustanoveni\">Z\u00e1kladn\u00ed ustanoven\u00ed<\/h2>\n\n\n\n<p>Spr\u00e1vcem osobn\u00edch \u00fadaj\u016f podle \u010dl. 4 bod 7 na\u0159\u00edzen\u00ed Evropsk\u00e9ho parlamentu a Rady (EU) 2016\/679 o ochran\u011b fyzick\u00fdch osob v souvislosti se zpracov\u00e1n\u00edm osobn\u00edch \u00fadaj\u016f a o voln\u00e9m pohybu t\u011bchto \u00fadaj\u016f (d\u00e1le jen: \u201e<strong>GDPR<\/strong>\u201d) je spole\u010dnost&nbsp;<strong>ELLIPSE CZ s.r.o.<\/strong> se s\u00eddlem Horn\u00ed Jasenka 162, Vset\u00edn 75501, identifika\u010dn\u00ed \u010d\u00edslo: 25886525 (d\u00e1le jen: \u201e<strong>spr\u00e1vce<\/strong>\u201c).<\/p>\n\n\n\n<h2 class=\"h3 has-x-large-font-size wp-block-heading\" id=\"co-jsou-to-cookies\">Co jsou to Cookies<\/h2>\n\n\n\n<p>Jako cookies ozna\u010dujeme mal\u00e9 datov\u00e9 soubory, kter\u00e9 jsou v n\u011bkter\u00fdch p\u0159\u00edpadech nezbytn\u00e9 pro jist\u00e9 funkce webov\u00fdch str\u00e1nek, jako je t\u0159eba p\u0159ihla\u0161ov\u00e1n\u00ed. D\u00edky cookies si na\u0161e webov\u00e9 str\u00e1nky mohou tak\u00e9 zapamatovat r\u016fzn\u00e1 nastaven\u00ed, kter\u00e1 jste si pro zobrazen\u00ed \u010di pou\u017e\u00edv\u00e1n\u00ed str\u00e1nek sami zvolili. Jde o standardn\u00ed metodu, pomoc\u00ed kter\u00e9 ukl\u00e1daj\u00ed informace d\u016fle\u017eit\u00e9 pro sv\u016fj provoz v\u0161echny webov\u00e9 str\u00e1nky na cel\u00e9m sv\u011bt\u011b.<\/p>\n\n\n\n<h2 class=\"h3 has-x-large-font-size wp-block-heading\" id=\"jake-cookies-pouzivame-na-nasem-webu\">Jak\u00e9 cookies pou\u017e\u00edv\u00e1me na na\u0161em webu<\/h2>\n\n\n\n<p><strong>Funk\u010dn\u00ed \/ nutn\u00e9&nbsp;<\/strong><\/p>\n\n\n\n<p>Nutn\u00e9 cookies pom\u00e1haj\u00ed, aby byla webov\u00e1 str\u00e1nka pou\u017eiteln\u00e1 tak, \u017ee umo\u017en\u00ed z\u00e1kladn\u00ed funkce jako navigace str\u00e1nky a p\u0159\u00edstup k zabezpe\u010den\u00fdm sekc\u00edm webov\u00e9 str\u00e1nky. Webov\u00e1 str\u00e1nka nem\u016f\u017ee bez t\u011bchto cookies fungovat spr\u00e1vn\u011b.<\/p>\n\n\n\n<p><strong>Preferen\u010dn\u00ed<\/strong><\/p>\n\n\n\n<p>Preferen\u010dn\u00ed cookies umo\u017e\u0148uj\u00ed, aby si web zapamatoval preference u\u017eivatele a mohl se mu p\u0159izp\u016fsobit. Zajist\u00ed se tak pohodln\u00e9 pou\u017e\u00edv\u00e1n\u00ed webu, kter\u00fd si pamatuje nastaven\u00ed jazyka a dal\u0161\u00edch preferenc\u00ed u\u017eivatel\u016f.<\/p>\n\n\n\n<p><strong>Analytick\u00e9 \/ statistick\u00e9<\/strong><\/p>\n\n\n\n<p>Analytick\u00e9 cookies pom\u00e1haj\u00ed majitel\u016fm webov\u00fdch str\u00e1nek, aby porozum\u011bli, jak n\u00e1v\u0161t\u011bvn\u00edci pou\u017e\u00edvaj\u00ed webov\u00e9 str\u00e1nky. Anonymn\u011b sb\u00edraj\u00ed a sd\u011bluj\u00ed informace.<\/p>\n\n\n\n<p><strong>Marketingov\u00e9&nbsp;<\/strong><\/p>\n\n\n\n<p>Marketingov\u00e9 cookies jsou pou\u017e\u00edv\u00e1ny pro sledov\u00e1n\u00ed n\u00e1v\u0161t\u011bvn\u00edk\u016f na webov\u00fdch str\u00e1nk\u00e1ch. Pom\u00e1haj\u00ed personalizovat obsah reklamy a efektivn\u011bji zac\u00edlit na z\u00e1kazn\u00edka.<\/p>\n\n\n\n<h2 class=\"h3 has-x-large-font-size wp-block-heading\" id=\"jake-osobni-udaje-zpracovavame\">Jak\u00e9 osobn\u00ed \u00fadaje zpracov\u00e1v\u00e1me&nbsp;<\/h2>\n\n\n\n<p>Ve\u0161ker\u00e9 osobn\u00ed \u00fadaje, kter\u00e9 zpracov\u00e1v\u00e1me, slou\u017e\u00ed k zaji\u0161t\u011bn\u00ed obchodn\u00edho styku a pln\u011bn\u00ed na\u0161ich dodavatelsk\u00fdch z\u00e1vazk\u016f, k marketingov\u00e9 komunikaci v\u016f\u010di na\u0161im z\u00e1kazn\u00edk\u016fm na z\u00e1klad\u011b opr\u00e1vn\u011bn\u00e9ho z\u00e1jmu, p\u0159\u00edpadn\u011b pro \u00fa\u010dely zam\u011bstn\u00e1v\u00e1n\u00ed \u010di n\u00e1boru pracovn\u00edk\u016f.<br>V p\u0159\u00edpad\u011b, \u017ee jste n\u00e1s kontaktovali p\u0159es kontaktn\u00ed formul\u00e1\u0159 na na\u0161ich webov\u00fdch str\u00e1nk\u00e1ch, zpracov\u00e1v\u00e1me o v\u00e1s n\u00e1sleduj\u00edc\u00ed \u00fadaje, pokud byly vypln\u011bny (po dobu nezbytn\u011b nutnou k vy\u0159\u00edzen\u00ed va\u0161eho po\u017eadavku):&nbsp;<br>Jm\u00e9no a p\u0159\u00edjmen\u00ed, e-mailov\u00e1 adresa, telefonn\u00ed \u010d\u00edslo, I\u010c, firma. P\u0159\u00edpadn\u011b dal\u0161\u00ed \u00fadaje, kter\u00e9 uvedete ve va\u0161\u00ed zpr\u00e1v\u011b.&nbsp;<br>Jin\u00e9 \u00fadaje nejsou (s v\u00fdjimkou cookies) prost\u0159ednictv\u00edm na\u0161ich webov\u00fdch str\u00e1nek uchov\u00e1v\u00e1ny.<\/p>\n\n\n\n<h2 class=\"h3 has-x-large-font-size wp-block-heading\" id=\"vase-prava\">Va\u0161e pr\u00e1va<\/h2>\n\n\n\n<p>Za podm\u00ednek stanoven\u00fdch v&nbsp;GDPR m\u00e1te jasn\u011b definovan\u00e1 pr\u00e1va.<\/p>\n\n\n\n<p>M\u00e1te pr\u00e1vo na p\u0159\u00edstup ke sv\u00fdm osobn\u00edm \u00fadaj\u016fm.&nbsp;<\/p>\n\n\n\n<p>M\u00e1te pr\u00e1vo n\u00e1s kontaktovat a cht\u00edt zn\u00e1t, jak\u00e9 va\u0161e osobn\u00ed \u00fadaje a pro jak\u00fd \u00fa\u010del zpracov\u00e1v\u00e1me.&nbsp; M\u00e1te pr\u00e1vo vzn\u00e9st proti tomuto zpracov\u00e1v\u00e1n\u00ed n\u00e1mitku.<\/p>\n\n\n\n<p>M\u00e1te pr\u00e1vo, abychom na va\u0161i \u017e\u00e1dost z\u00fa\u017eili zpracov\u00e1n\u00ed va\u0161ich osobn\u00edch \u00fadaj\u016f, pokud pro jejich zpracov\u00e1n\u00ed neexistuje jin\u00fd pr\u00e1vn\u00ed d\u016fvod (nap\u0159\u00edklad z\u00e1konn\u00e1 povinnost).&nbsp;<\/p>\n\n\n\n<p>M\u00e1te pr\u00e1vo po\u017eadovat, abychom aktualizovali \u010di opravili chybn\u00e9 osobn\u00ed \u00fadaje, kter\u00e9 o v\u00e1s zpracov\u00e1v\u00e1me.&nbsp;<\/p>\n\n\n\n<p>M\u00e1te pr\u00e1vo vzn\u00e9st n\u00e1mitku proti tomu, abychom zpracov\u00e1vali va\u0161e osobn\u00ed \u00fadaje.&nbsp;<\/p>\n\n\n\n<p>M\u00e1te pr\u00e1vo po\u017eadovat, abychom p\u0159estali va\u0161e osobn\u00ed \u00fadaje zpracov\u00e1vat, pokud pro jejich zpracov\u00e1n\u00ed neexistuje jin\u00fd pr\u00e1vn\u00ed d\u016fvod (nap\u0159\u00edklad z\u00e1konn\u00e1 povinnost).&nbsp;<\/p>\n\n\n\n<h2 class=\"h3 has-x-large-font-size wp-block-heading\" id=\"podminky-zabezpeceni-osobnich-udaju\">Podm\u00ednky zabezpe\u010den\u00ed osobn\u00edch \u00fadaj\u016f<\/h2>\n\n\n\n<p>Spr\u00e1vce prohla\u0161uje, \u017ee p\u0159ijal ve\u0161ker\u00e1 vhodn\u00e1 technick\u00e1 a organiza\u010dn\u00ed opat\u0159en\u00ed k&nbsp;zabezpe\u010den\u00ed osobn\u00edch \u00fadaj\u016f.<\/p>\n\n\n\n<p>Spr\u00e1vce p\u0159ijal technick\u00e1 opat\u0159en\u00ed k&nbsp;zabezpe\u010den\u00ed datov\u00fdch \u00falo\u017ei\u0161\u0165 a \u00falo\u017ei\u0161\u0165 osobn\u00edch \u00fadaj\u016f v&nbsp;listinn\u00e9 podob\u011b.<\/p>\n\n\n\n<p>Spr\u00e1vce prohla\u0161uje, \u017ee k&nbsp;osobn\u00edm \u00fadaj\u016fm maj\u00ed p\u0159\u00edstup pouze j\u00edm pov\u011b\u0159en\u00e9 osoby.<\/p>\n\n\n\n<h2 class=\"h3 has-x-large-font-size wp-block-heading\" id=\"zaverecna-ustanoveni\">Z\u00e1v\u011bre\u010dn\u00e1 ustanoven\u00ed<\/h2>\n\n\n\n<p>M\u00e1te-li jak\u00fdkoli dotaz, pochybnost \u010di n\u00e1mitku k osobn\u00edm \u00fadaj\u016fm, kter\u00e9 o v\u00e1s zpracov\u00e1v\u00e1me, nev\u00e1hejte n\u00e1s kontaktovat.<\/p>\n\n\n\n<p><strong>ELLIPSE CZ s.r.o.<\/strong><br>Horn\u00ed Jasenka 162, Vset\u00edn 75501<br>email: ellipse@ellipse.cz<br>telefon: +420&nbsp;571&nbsp;424&nbsp;669<\/p>\n<\/div>\n<\/div>\n","protected":false},"excerpt":{"rendered":"<p>Cookies a GDPR na na\u0161em webu ELLIPSE CZ s.r.o. Zde se dozv\u00edte, jak\u00e9 soubory cookies na webov\u00fdch str\u00e1nk\u00e1ch spole\u010dnosti ELLIPSE CZ s.r.o. obecn\u011b zpracov\u00e1v\u00e1me, k jak\u00e9mu \u00fa\u010delu a jak m\u016f\u017eete ovlivnit to, jak\u00e1 cookies ukl\u00e1d\u00e1me do va\u0161ich za\u0159\u00edzen\u00ed.&nbsp; Z\u00e1kladn\u00ed ustanoven\u00ed Spr\u00e1vcem osobn\u00edch \u00fadaj\u016f podle \u010dl. 4 bod 7 na\u0159\u00edzen\u00ed Evropsk\u00e9ho parlamentu a Rady (EU) 2016\/679<a class=\"excerpt-read-more\" href=\"https:\/\/ellipse.cz\/en\/cookies-a-gdpr\/\" title=\"ReadCookies a GDPR\">&#8230; Read more &raquo;<\/a><\/p>\n","protected":false},"author":3,"featured_media":0,"parent":0,"menu_order":0,"comment_status":"closed","ping_status":"closed","template":"","meta":{"_acf_changed":false,"footnotes":""},"class_list":["post-9133","page","type-page","status-publish","hentry"],"acf":[],"yoast_head":"<!-- This site is optimized with the Yoast SEO plugin v27.6 - https:\/\/yoast.com\/product\/yoast-seo-wordpress\/ -->\n<title>Cookies a GDPR &#8212; Ellipse<\/title>\n<meta name=\"robots\" content=\"index, follow, max-snippet:-1, max-image-preview:large, max-video-preview:-1\" \/>\n<link rel=\"canonical\" href=\"https:\/\/ellipse.cz\/cookies-a-gdpr\/\" \/>\n<meta property=\"og:locale\" content=\"en_US\" \/>\n<meta property=\"og:type\" content=\"article\" \/>\n<meta property=\"og:title\" content=\"Cookies a GDPR &#8212; Ellipse\" \/>\n<meta property=\"og:description\" content=\"Cookies a GDPR na na\u0161em webu ELLIPSE CZ s.r.o. Zde se dozv\u00edte, jak\u00e9 soubory cookies na webov\u00fdch str\u00e1nk\u00e1ch spole\u010dnosti ELLIPSE CZ s.r.o. obecn\u011b zpracov\u00e1v\u00e1me, k jak\u00e9mu \u00fa\u010delu a jak m\u016f\u017eete ovlivnit to, jak\u00e1 cookies ukl\u00e1d\u00e1me do va\u0161ich za\u0159\u00edzen\u00ed.&nbsp; Z\u00e1kladn\u00ed ustanoven\u00ed Spr\u00e1vcem osobn\u00edch \u00fadaj\u016f podle \u010dl. 4 bod 7 na\u0159\u00edzen\u00ed Evropsk\u00e9ho parlamentu a Rady (EU) 2016\/679... Read more &raquo;\" \/>\n<meta property=\"og:url\" content=\"https:\/\/ellipse.cz\/cookies-a-gdpr\/\" \/>\n<meta property=\"og:site_name\" content=\"Ellipse\" \/>\n<meta property=\"article:publisher\" content=\"https:\/\/www.facebook.com\/ellipseCZ\/\" \/>\n<meta property=\"article:modified_time\" content=\"2022-02-24T11:33:42+00:00\" \/>\n<meta name=\"twitter:card\" content=\"summary_large_image\" \/>\n<meta name=\"twitter:label1\" content=\"Est. reading time\" \/>\n\t<meta name=\"twitter:data1\" content=\"3 minutes\" \/>\n<script type=\"application\/ld+json\" class=\"yoast-schema-graph\">{\"@context\":\"https:\\\/\\\/schema.org\",\"@graph\":[{\"@type\":\"WebPage\",\"@id\":\"https:\\\/\\\/ellipse.cz\\\/cookies-a-gdpr\\\/\",\"url\":\"https:\\\/\\\/ellipse.cz\\\/cookies-a-gdpr\\\/\",\"name\":\"Cookies a GDPR &#8212; Ellipse\",\"isPartOf\":{\"@id\":\"https:\\\/\\\/ellipse.cz\\\/#website\"},\"datePublished\":\"2022-02-10T08:15:13+00:00\",\"dateModified\":\"2022-02-24T11:33:42+00:00\",\"inLanguage\":\"en-US\",\"potentialAction\":[{\"@type\":\"ReadAction\",\"target\":[\"https:\\\/\\\/ellipse.cz\\\/cookies-a-gdpr\\\/\"]}]},{\"@type\":\"WebSite\",\"@id\":\"https:\\\/\\\/ellipse.cz\\\/#website\",\"url\":\"https:\\\/\\\/ellipse.cz\\\/\",\"name\":\"Ellipse\",\"description\":\"Your Merch Designers.\",\"publisher\":{\"@id\":\"https:\\\/\\\/ellipse.cz\\\/#organization\"},\"potentialAction\":[{\"@type\":\"SearchAction\",\"target\":{\"@type\":\"EntryPoint\",\"urlTemplate\":\"https:\\\/\\\/ellipse.cz\\\/?s={search_term_string}\"},\"query-input\":{\"@type\":\"PropertyValueSpecification\",\"valueRequired\":true,\"valueName\":\"search_term_string\"}}],\"inLanguage\":\"en-US\"},{\"@type\":\"Organization\",\"@id\":\"https:\\\/\\\/ellipse.cz\\\/#organization\",\"name\":\"Ellipse\",\"url\":\"https:\\\/\\\/ellipse.cz\\\/\",\"logo\":{\"@type\":\"ImageObject\",\"inLanguage\":\"en-US\",\"@id\":\"https:\\\/\\\/ellipse.cz\\\/#\\\/schema\\\/logo\\\/image\\\/\",\"url\":\"https:\\\/\\\/ellipse.cz\\\/wp-content\\\/uploads\\\/2021\\\/03\\\/www-logo-bw-02.png\",\"contentUrl\":\"https:\\\/\\\/ellipse.cz\\\/wp-content\\\/uploads\\\/2021\\\/03\\\/www-logo-bw-02.png\",\"width\":1200,\"height\":500,\"caption\":\"Ellipse\"},\"image\":{\"@id\":\"https:\\\/\\\/ellipse.cz\\\/#\\\/schema\\\/logo\\\/image\\\/\"},\"sameAs\":[\"https:\\\/\\\/www.facebook.com\\\/ellipseCZ\\\/\",\"https:\\\/\\\/www.instagram.com\\\/ellipse_cz\\\/\"]}]}<\/script>\n<!-- \/ Yoast SEO plugin. -->","yoast_head_json":{"title":"Cookies a GDPR &#8212; Ellipse","robots":{"index":"index","follow":"follow","max-snippet":"max-snippet:-1","max-image-preview":"max-image-preview:large","max-video-preview":"max-video-preview:-1"},"canonical":"https:\/\/ellipse.cz\/cookies-a-gdpr\/","og_locale":"en_US","og_type":"article","og_title":"Cookies a GDPR &#8212; Ellipse","og_description":"Cookies a GDPR na na\u0161em webu ELLIPSE CZ s.r.o. Zde se dozv\u00edte, jak\u00e9 soubory cookies na webov\u00fdch str\u00e1nk\u00e1ch spole\u010dnosti ELLIPSE CZ s.r.o. obecn\u011b zpracov\u00e1v\u00e1me, k jak\u00e9mu \u00fa\u010delu a jak m\u016f\u017eete ovlivnit to, jak\u00e1 cookies ukl\u00e1d\u00e1me do va\u0161ich za\u0159\u00edzen\u00ed.&nbsp; Z\u00e1kladn\u00ed ustanoven\u00ed Spr\u00e1vcem osobn\u00edch \u00fadaj\u016f podle \u010dl. 4 bod 7 na\u0159\u00edzen\u00ed Evropsk\u00e9ho parlamentu a Rady (EU) 2016\/679... Read more &raquo;","og_url":"https:\/\/ellipse.cz\/cookies-a-gdpr\/","og_site_name":"Ellipse","article_publisher":"https:\/\/www.facebook.com\/ellipseCZ\/","article_modified_time":"2022-02-24T11:33:42+00:00","twitter_card":"summary_large_image","twitter_misc":{"Est. reading time":"3 minutes"},"schema":{"@context":"https:\/\/schema.org","@graph":[{"@type":"WebPage","@id":"https:\/\/ellipse.cz\/cookies-a-gdpr\/","url":"https:\/\/ellipse.cz\/cookies-a-gdpr\/","name":"Cookies a GDPR &#8212; Ellipse","isPartOf":{"@id":"https:\/\/ellipse.cz\/#website"},"datePublished":"2022-02-10T08:15:13+00:00","dateModified":"2022-02-24T11:33:42+00:00","inLanguage":"en-US","potentialAction":[{"@type":"ReadAction","target":["https:\/\/ellipse.cz\/cookies-a-gdpr\/"]}]},{"@type":"WebSite","@id":"https:\/\/ellipse.cz\/#website","url":"https:\/\/ellipse.cz\/","name":"Ellipse","description":"Your Merch Designers.","publisher":{"@id":"https:\/\/ellipse.cz\/#organization"},"potentialAction":[{"@type":"SearchAction","target":{"@type":"EntryPoint","urlTemplate":"https:\/\/ellipse.cz\/?s={search_term_string}"},"query-input":{"@type":"PropertyValueSpecification","valueRequired":true,"valueName":"search_term_string"}}],"inLanguage":"en-US"},{"@type":"Organization","@id":"https:\/\/ellipse.cz\/#organization","name":"Ellipse","url":"https:\/\/ellipse.cz\/","logo":{"@type":"ImageObject","inLanguage":"en-US","@id":"https:\/\/ellipse.cz\/#\/schema\/logo\/image\/","url":"https:\/\/ellipse.cz\/wp-content\/uploads\/2021\/03\/www-logo-bw-02.png","contentUrl":"https:\/\/ellipse.cz\/wp-content\/uploads\/2021\/03\/www-logo-bw-02.png","width":1200,"height":500,"caption":"Ellipse"},"image":{"@id":"https:\/\/ellipse.cz\/#\/schema\/logo\/image\/"},"sameAs":["https:\/\/www.facebook.com\/ellipseCZ\/","https:\/\/www.instagram.com\/ellipse_cz\/"]}]}},"_links":{"self":[{"href":"https:\/\/ellipse.cz\/en\/wp-json\/wp\/v2\/pages\/9133","targetHints":{"allow":["GET"]}}],"collection":[{"href":"https:\/\/ellipse.cz\/en\/wp-json\/wp\/v2\/pages"}],"about":[{"href":"https:\/\/ellipse.cz\/en\/wp-json\/wp\/v2\/types\/page"}],"author":[{"embeddable":true,"href":"https:\/\/ellipse.cz\/en\/wp-json\/wp\/v2\/users\/3"}],"replies":[{"embeddable":true,"href":"https:\/\/ellipse.cz\/en\/wp-json\/wp\/v2\/comments?post=9133"}],"version-history":[{"count":0,"href":"https:\/\/ellipse.cz\/en\/wp-json\/wp\/v2\/pages\/9133\/revisions"}],"wp:attachment":[{"href":"https:\/\/ellipse.cz\/en\/wp-json\/wp\/v2\/media?parent=9133"}],"curies":[{"name":"wp","href":"https:\/\/api.w.org\/{rel}","templated":true}]}}